{"id":788,"date":"2022-10-30T10:02:47","date_gmt":"2022-10-30T09:02:47","guid":{"rendered":"https:\/\/mb-coachpro-pnl.com\/?page_id=788"},"modified":"2024-05-07T13:16:54","modified_gmt":"2024-05-07T11:16:54","slug":"qui-suis-je","status":"publish","type":"page","link":"https:\/\/mb-coachpro-pnl.com\/index.php\/qui-suis-je\/","title":{"rendered":"Qui suis-je ?"},"content":{"rendered":"\t\t<div data-elementor-type=\"wp-page\" data-elementor-id=\"788\" class=\"elementor elementor-788\" data-elementor-post-type=\"page\">\n\t\t\t\t\t\t<div class=\"elementor-inner\">\n\t\t\t\t<div class=\"elementor-section-wrap\">\n\t\t\t\t\t\t\t\t\t<section class=\"elementor-section elementor-top-section elementor-element elementor-element-868ab50 elementor-section-full_width elementor-section-height-min-height elementor-section-height-default elementor-section-items-middle\" data-id=\"868ab50\" data-element_type=\"section\" data-settings=\"{&quot;background_background&quot;:&quot;classic&quot;,&quot;shape_divider_bottom&quot;:&quot;opacity-tilt&quot;}\">\n\t\t\t\t\t\t\t<div class=\"elementor-background-overlay\"><\/div>\n\t\t\t\t\t\t<div class=\"elementor-shape elementor-shape-bottom\" data-negative=\"false\">\n\t\t\t<svg xmlns=\"http:\/\/www.w3.org\/2000\/svg\" viewBox=\"0 0 2600 131.1\" preserveAspectRatio=\"none\">\n\t<path class=\"elementor-shape-fill\" d=\"M0 0L2600 0 2600 69.1 0 0z\"\/>\n\t<path class=\"elementor-shape-fill\" style=\"opacity:0.5\" d=\"M0 0L2600 0 2600 69.1 0 69.1z\"\/>\n\t<path class=\"elementor-shape-fill\" style=\"opacity:0.25\" d=\"M2600 0L0 0 0 130.1 2600 69.1z\"\/>\n<\/svg>\t\t<\/div>\n\t\t\t\t\t<div class=\"elementor-container elementor-column-gap-default\">\n\t\t\t\t\t\t\t<div class=\"elementor-row\">\n\t\t\t\t\t<div class=\"elementor-column elementor-col-100 elementor-top-column elementor-element elementor-element-6fef116\" data-id=\"6fef116\" data-element_type=\"column\">\n\t\t\t<div class=\"elementor-column-wrap elementor-element-populated\">\n\t\t\t\t\t\t\t<div class=\"elementor-widget-wrap\">\n\t\t\t\t\t\t<div class=\"elementor-element elementor-element-2f5d606 elementor-widget elementor-widget-heading\" data-id=\"2f5d606\" data-element_type=\"widget\" data-widget_type=\"heading.default\">\n\t\t\t\t<div class=\"elementor-widget-container\">\n\t\t\t<h2 class=\"elementor-heading-title elementor-size-default\">Qui suis-je ?<\/h2>\t\t<\/div>\n\t\t\t\t<\/div>\n\t\t\t\t<div class=\"elementor-element elementor-element-482df01 elementor-widget elementor-widget-text-editor\" data-id=\"482df01\" data-element_type=\"widget\" data-widget_type=\"text-editor.default\">\n\t\t\t\t<div class=\"elementor-widget-container\">\n\t\t\t\t\t\t\t\t<div class=\"elementor-text-editor elementor-clearfix\">\n\t\t\t\t<p><b>Puisqu&rsquo;il n&rsquo;y a pas de confiance sans connaissance, je vous propose de d\u00e9couvrir l&rsquo;homme derri\u00e8re le coach.<\/b><\/p><p><span style=\"font-weight: bold; font-size: 1rem;\">Au plaisir d&rsquo;en apprendre plus sur vous \u00e9galement.<\/span><\/p><p><b style=\"font-size: 1rem;\">&#8211; Marc<\/b><\/p>\t\t\t\t\t<\/div>\n\t\t\t\t\t\t<\/div>\n\t\t\t\t<\/div>\n\t\t\t\t\t\t<\/div>\n\t\t\t\t\t<\/div>\n\t\t<\/div>\n\t\t\t\t\t\t\t\t<\/div>\n\t\t\t\t\t<\/div>\n\t\t<\/section>\n\t\t\t\t<section class=\"elementor-section elementor-top-section elementor-element elementor-element-4db41b8 elementor-section-boxed elementor-section-height-default elementor-section-height-default\" data-id=\"4db41b8\" data-element_type=\"section\">\n\t\t\t\t\t\t<div class=\"elementor-container elementor-column-gap-default\">\n\t\t\t\t\t\t\t<div class=\"elementor-row\">\n\t\t\t\t\t<div class=\"elementor-column elementor-col-100 elementor-top-column elementor-element elementor-element-00d4976\" data-id=\"00d4976\" data-element_type=\"column\">\n\t\t\t<div class=\"elementor-column-wrap elementor-element-populated\">\n\t\t\t\t\t\t\t<div class=\"elementor-widget-wrap\">\n\t\t\t\t\t\t<div class=\"elementor-element elementor-element-132106f elementor-widget elementor-widget-spacer\" data-id=\"132106f\" data-element_type=\"widget\" data-widget_type=\"spacer.default\">\n\t\t\t\t<div class=\"elementor-widget-container\">\n\t\t\t\t\t<div class=\"elementor-spacer\">\n\t\t\t<div class=\"elementor-spacer-inner\"><\/div>\n\t\t<\/div>\n\t\t\t\t<\/div>\n\t\t\t\t<\/div>\n\t\t\t\t\t\t<\/div>\n\t\t\t\t\t<\/div>\n\t\t<\/div>\n\t\t\t\t\t\t\t\t<\/div>\n\t\t\t\t\t<\/div>\n\t\t<\/section>\n\t\t\t\t<section class=\"elementor-section elementor-top-section elementor-element elementor-element-35eb4b8 elementor-section-height-min-height elementor-section-items-stretch elementor-hidden-tablet elementor-hidden-mobile elementor-section-boxed elementor-section-height-default\" data-id=\"35eb4b8\" data-element_type=\"section\" data-settings=\"{&quot;background_background&quot;:&quot;classic&quot;}\">\n\t\t\t\t\t\t<div class=\"elementor-container elementor-column-gap-default\">\n\t\t\t\t\t\t\t<div class=\"elementor-row\">\n\t\t\t\t\t<div class=\"elementor-column elementor-col-50 elementor-top-column elementor-element elementor-element-625ef3f\" data-id=\"625ef3f\" data-element_type=\"column\">\n\t\t\t<div class=\"elementor-column-wrap elementor-element-populated\">\n\t\t\t\t\t\t\t<div class=\"elementor-widget-wrap\">\n\t\t\t\t\t\t<div class=\"elementor-element elementor-element-c8fdaef elementor-widget elementor-widget-text-editor\" data-id=\"c8fdaef\" data-element_type=\"widget\" data-widget_type=\"text-editor.default\">\n\t\t\t\t<div class=\"elementor-widget-container\">\n\t\t\t\t\t\t\t\t<div class=\"elementor-text-editor elementor-clearfix\">\n\t\t\t\t<p>Je suis Marc BROCHARD, je suis un \u00ab\u00a0atypique g\u00e9n\u00e9ration X\u00a0\u00bb n\u00e9 en 1968, J\u2019ai 3 gar\u00e7ons \u00e9tudiants en grande forme\u00a0! Je suis fan du v\u00e9lo de route, que j\u2019enfourche d\u00e8s que j\u2019en ai l\u2019occasion.<\/p>\t\t\t\t\t<\/div>\n\t\t\t\t\t\t<\/div>\n\t\t\t\t<\/div>\n\t\t\t\t<div class=\"elementor-element elementor-element-459930d elementor-widget elementor-widget-text-editor\" data-id=\"459930d\" data-element_type=\"widget\" data-widget_type=\"text-editor.default\">\n\t\t\t\t<div class=\"elementor-widget-container\">\n\t\t\t\t\t\t\t\t<div class=\"elementor-text-editor elementor-clearfix\">\n\t\t\t\t<p>Je vis au c\u0153ur d\u2019un village gardois proche de la garigue dans une maison \u00e0 cot\u00e9 de laquelle j\u2019ai construit un <strong>lieu adapt\u00e9 a l\u2019accueil de mes clients.<\/strong> Dans cet espace cosy de 45 m2, j\u2019organise des <strong>formations, des coachings individuels, des coachings de groupes, des groupes de paroles.<\/strong><\/p>\t\t\t\t\t<\/div>\n\t\t\t\t\t\t<\/div>\n\t\t\t\t<\/div>\n\t\t\t\t<div class=\"elementor-element elementor-element-6ba28da elementor-widget elementor-widget-spacer\" data-id=\"6ba28da\" data-element_type=\"widget\" data-widget_type=\"spacer.default\">\n\t\t\t\t<div class=\"elementor-widget-container\">\n\t\t\t\t\t<div class=\"elementor-spacer\">\n\t\t\t<div class=\"elementor-spacer-inner\"><\/div>\n\t\t<\/div>\n\t\t\t\t<\/div>\n\t\t\t\t<\/div>\n\t\t\t\t<div class=\"elementor-element elementor-element-bfdd798 elementor-widget elementor-widget-text-editor\" data-id=\"bfdd798\" data-element_type=\"widget\" data-widget_type=\"text-editor.default\">\n\t\t\t\t<div class=\"elementor-widget-container\">\n\t\t\t\t\t\t\t\t<div class=\"elementor-text-editor elementor-clearfix\">\n\t\t\t\t<p>Depuis 2018, je suis certifi\u00e9 RNCP2 Coach Professionnel, Praticien\u00a0 PNL ( Programmation Neurolinguistique) et Formateur Professionnel.<\/p>\t\t\t\t\t<\/div>\n\t\t\t\t\t\t<\/div>\n\t\t\t\t<\/div>\n\t\t\t\t<div class=\"elementor-element elementor-element-9e441cb elementor-widget elementor-widget-text-editor\" data-id=\"9e441cb\" data-element_type=\"widget\" data-widget_type=\"text-editor.default\">\n\t\t\t\t<div class=\"elementor-widget-container\">\n\t\t\t\t\t\t\t\t<div class=\"elementor-text-editor elementor-clearfix\">\n\t\t\t\tJ\u2019ai travaill\u00e9 durant 25 ans (jusqu\u2019en 2017) au sein d\u2019entreprises internationales telles que H&amp;M, APPLE, CORTEFIEL ou PRIMARK au poste de Manager. J\u2019ai exerc\u00e9 <b>les m\u00e9tiers de Directeur de magasin, Directeur R\u00e9gional, en France, en Espagne.<\/b>\t\t\t\t\t<\/div>\n\t\t\t\t\t\t<\/div>\n\t\t\t\t<\/div>\n\t\t\t\t\t\t<\/div>\n\t\t\t\t\t<\/div>\n\t\t<\/div>\n\t\t\t\t<div class=\"elementor-column elementor-col-50 elementor-top-column elementor-element elementor-element-071ec80\" data-id=\"071ec80\" data-element_type=\"column\">\n\t\t\t<div class=\"elementor-column-wrap elementor-element-populated\">\n\t\t\t\t\t\t\t<div class=\"elementor-widget-wrap\">\n\t\t\t\t\t\t<div class=\"elementor-element elementor-element-be8fd7d elementor-widget elementor-widget-spacer\" data-id=\"be8fd7d\" data-element_type=\"widget\" data-widget_type=\"spacer.default\">\n\t\t\t\t<div class=\"elementor-widget-container\">\n\t\t\t\t\t<div class=\"elementor-spacer\">\n\t\t\t<div class=\"elementor-spacer-inner\"><\/div>\n\t\t<\/div>\n\t\t\t\t<\/div>\n\t\t\t\t<\/div>\n\t\t\t\t<div class=\"elementor-element elementor-element-87d5a74 elementor-widget elementor-widget-text-editor\" data-id=\"87d5a74\" data-element_type=\"widget\" data-widget_type=\"text-editor.default\">\n\t\t\t\t<div class=\"elementor-widget-container\">\n\t\t\t\t\t\t\t\t<div class=\"elementor-text-editor elementor-clearfix\">\n\t\t\t\t<p>J\u2019aime \u00e0 pr\u00e9ciser que la proximit\u00e9 de ce cabinet avec la nature me permet r\u00e9guli\u00e8rement d\u2019accompagner les clients qui le souhaitent, \u00e0 travers<strong> une s\u00e9ance de coaching en marchant.<\/strong> Pour certain, (ne) d\u2019entre eux il est plus facile de s\u2019exprimer dans ce cadre apaisant et neutre.<\/p>\t\t\t\t\t<\/div>\n\t\t\t\t\t\t<\/div>\n\t\t\t\t<\/div>\n\t\t\t\t<div class=\"elementor-element elementor-element-11c6866 elementor-widget elementor-widget-text-editor\" data-id=\"11c6866\" data-element_type=\"widget\" data-widget_type=\"text-editor.default\">\n\t\t\t\t<div class=\"elementor-widget-container\">\n\t\t\t\t\t\t\t\t<div class=\"elementor-text-editor elementor-clearfix\">\n\t\t\t\t<p>Exercer le m\u00e9tier de coach, de formateur, d\u2019enseignant aujourd\u2019hui me permet de m\u2019\u00e9panouir pleinement car je suis<strong> totalement en phase avec mes valeurs,<\/strong> orient\u00e9 SOLUTIONS et passionn\u00e9 par \u00ab\u00a0l\u2019HUMAIN\u00a0\u00bb.<\/p>\t\t\t\t\t<\/div>\n\t\t\t\t\t\t<\/div>\n\t\t\t\t<\/div>\n\t\t\t\t\t\t<\/div>\n\t\t\t\t\t<\/div>\n\t\t<\/div>\n\t\t\t\t\t\t\t\t<\/div>\n\t\t\t\t\t<\/div>\n\t\t<\/section>\n\t\t\t\t<section class=\"elementor-section elementor-top-section elementor-element elementor-element-4e5b5c5 elementor-hidden-tablet elementor-hidden-mobile elementor-section-boxed elementor-section-height-default elementor-section-height-default\" data-id=\"4e5b5c5\" data-element_type=\"section\">\n\t\t\t\t\t\t<div class=\"elementor-container elementor-column-gap-default\">\n\t\t\t\t\t\t\t<div class=\"elementor-row\">\n\t\t\t\t\t<div class=\"elementor-column elementor-col-100 elementor-top-column elementor-element elementor-element-5d71651\" data-id=\"5d71651\" data-element_type=\"column\">\n\t\t\t<div class=\"elementor-column-wrap elementor-element-populated\">\n\t\t\t\t\t\t\t<div class=\"elementor-widget-wrap\">\n\t\t\t\t\t\t<div class=\"elementor-element elementor-element-49cde40 elementor-widget elementor-widget-spacer\" data-id=\"49cde40\" data-element_type=\"widget\" data-widget_type=\"spacer.default\">\n\t\t\t\t<div class=\"elementor-widget-container\">\n\t\t\t\t\t<div class=\"elementor-spacer\">\n\t\t\t<div class=\"elementor-spacer-inner\"><\/div>\n\t\t<\/div>\n\t\t\t\t<\/div>\n\t\t\t\t<\/div>\n\t\t\t\t<div class=\"elementor-element elementor-element-1aba0d5 elementor-widget elementor-widget-text-editor\" data-id=\"1aba0d5\" data-element_type=\"widget\" data-widget_type=\"text-editor.default\">\n\t\t\t\t<div class=\"elementor-widget-container\">\n\t\t\t\t\t\t\t\t<div class=\"elementor-text-editor elementor-clearfix\">\n\t\t\t\tBien entendu, j\u2019ai d\u00e9velopp\u00e9 les comp\u00e9tences de communications, de coaching de performances, de d\u00e9veloppement RH, d\u00e9veloppement des potentiels, de recrutement, de gestion de conflits, de gestion du temps, et des relations avec les repr\u00e9sentants du personnel et les organisations syndicales. Enfin je suis <b>trilingue Fran\u00e7ais, anglais, Espagnol.<\/b>\t\t\t\t\t<\/div>\n\t\t\t\t\t\t<\/div>\n\t\t\t\t<\/div>\n\t\t\t\t<div class=\"elementor-element elementor-element-72cf093 elementor-align-center elementor-widget elementor-widget-button\" data-id=\"72cf093\" data-element_type=\"widget\" data-widget_type=\"button.default\">\n\t\t\t\t<div class=\"elementor-widget-container\">\n\t\t\t\t\t<div class=\"elementor-button-wrapper\">\n\t\t\t<a class=\"elementor-button elementor-button-link elementor-size-sm elementor-animation-grow\" href=\"http:\/\/www.mb-coachpro-pnl.com\/contactez-moi\">\n\t\t\t\t\t\t<span class=\"elementor-button-content-wrapper\">\n\t\t\t\t\t\t<span class=\"elementor-button-text\">Apprenons \u00e0 nous connaitre<\/span>\n\t\t<\/span>\n\t\t\t\t\t<\/a>\n\t\t<\/div>\n\t\t\t\t<\/div>\n\t\t\t\t<\/div>\n\t\t\t\t\t\t<\/div>\n\t\t\t\t\t<\/div>\n\t\t<\/div>\n\t\t\t\t\t\t\t\t<\/div>\n\t\t\t\t\t<\/div>\n\t\t<\/section>\n\t\t\t\t<section class=\"elementor-section elementor-top-section elementor-element elementor-element-d24d9fb elementor-hidden-desktop elementor-section-boxed elementor-section-height-default elementor-section-height-default\" data-id=\"d24d9fb\" data-element_type=\"section\">\n\t\t\t\t\t\t<div class=\"elementor-container elementor-column-gap-default\">\n\t\t\t\t\t\t\t<div class=\"elementor-row\">\n\t\t\t\t\t<div class=\"elementor-column elementor-col-100 elementor-top-column elementor-element elementor-element-af7505c\" data-id=\"af7505c\" data-element_type=\"column\">\n\t\t\t<div class=\"elementor-column-wrap elementor-element-populated\">\n\t\t\t\t\t\t\t<div class=\"elementor-widget-wrap\">\n\t\t\t\t\t\t<div class=\"elementor-element elementor-element-0c02136 elementor-widget elementor-widget-image\" data-id=\"0c02136\" data-element_type=\"widget\" data-widget_type=\"image.default\">\n\t\t\t\t<div class=\"elementor-widget-container\">\n\t\t\t\t\t\t\t\t<div class=\"elementor-image\">\n\t\t\t\t\t\t\t\t\t\t\t\t<img decoding=\"async\" width=\"2048\" height=\"2048\" src=\"https:\/\/mb-coachpro-pnl.com\/wp-content\/uploads\/2022\/10\/1.png\" class=\"attachment-full size-full wp-image-806\" alt=\"\" loading=\"lazy\" srcset=\"https:\/\/mb-coachpro-pnl.com\/wp-content\/uploads\/2022\/10\/1.png 2048w, https:\/\/mb-coachpro-pnl.com\/wp-content\/uploads\/2022\/10\/1-300x300.png 300w, https:\/\/mb-coachpro-pnl.com\/wp-content\/uploads\/2022\/10\/1-1024x1024.png 1024w, https:\/\/mb-coachpro-pnl.com\/wp-content\/uploads\/2022\/10\/1-150x150.png 150w, https:\/\/mb-coachpro-pnl.com\/wp-content\/uploads\/2022\/10\/1-768x768.png 768w, https:\/\/mb-coachpro-pnl.com\/wp-content\/uploads\/2022\/10\/1-1536x1536.png 1536w\" sizes=\"(max-width: 2048px) 100vw, 2048px\" \/>\t\t\t\t\t\t\t\t\t\t\t\t\t\t<\/div>\n\t\t\t\t\t\t<\/div>\n\t\t\t\t<\/div>\n\t\t\t\t<div class=\"elementor-element elementor-element-cea6a68 elementor-widget elementor-widget-text-editor\" data-id=\"cea6a68\" data-element_type=\"widget\" data-widget_type=\"text-editor.default\">\n\t\t\t\t<div class=\"elementor-widget-container\">\n\t\t\t\t\t\t\t\t<div class=\"elementor-text-editor elementor-clearfix\">\n\t\t\t\t<p>Je suis Marc BROCHARD, j\u2019ai aujourd\u2019hui 54 ans. J\u2019ai 3 gar\u00e7ons de 14, 16 et 18 ans, des ados en grande forme\u00a0! Je suis\u00a0<b>fan du v\u00e9lo de route<\/b>, que j\u2019enfourche d\u00e8s que j\u2019en ai l\u2019occasion.<\/p><p>Je vis au c\u0153ur d\u2019un village gardois proche de la garigue dans une maison \u00e0 cot\u00e9 de laquelle j\u2019ai construit un lieu adapt\u00e9 a l\u2019accueil de mes clients. Dans cet espace cosy de 45 m2, j\u2019organise des <strong>formations, des coachings individuels, des coachings de groupes, des groupes de paroles.<\/strong><\/p><p><span style=\"text-align: right;\">J\u2019aime \u00e0 pr\u00e9ciser que<\/span><span style=\"font-weight: bold; text-align: right;\">\u00a0la proximit\u00e9 de ce cabinet avec la nature<\/span><span style=\"text-align: right;\">\u00a0me permet r\u00e9guli\u00e8rement d\u2019accompagner les clients qui le souhaitent, \u00e0 travers\u00a0<\/span><span style=\"font-weight: bold; text-align: right;\">une s\u00e9ance de coaching en marchant.<\/span><span style=\"text-align: right;\">\u00a0Pour certain.ne d\u2019entre eux il est plus facile de s\u2019exprimer dans ce cadre apaisant et neutre.<\/span><span style=\"font-weight: bold;\"><br \/><\/span><\/p><p><span style=\"text-align: right;\">Exercer le m\u00e9tier de coach, de formateur, d\u2019enseignant aujourd\u2019hui me permet de m\u2019\u00e9panouir pleinement car je suis totalement en\u00a0<\/span><span style=\"font-weight: bold; text-align: right;\">phase avec mes valeurs<\/span><span style=\"text-align: right;\">, orient\u00e9 SOLUTIONS et passionn\u00e9 par \u00ab\u00a0l\u2019HUMAIN\u00a0\u00bb.<\/span><span style=\"text-align: right;\"><br \/><\/span><\/p><p>Depuis 2018, je suis certifi\u00e9 RNCP2 Coach Professionnel, Praticien\u00a0 PNL ( Programmation Neurolinguistique) et Formateur Professionnel.<span style=\"text-align: right;\"><br \/><\/span><\/p><p>J\u2019ai travaill\u00e9 durant 25 ans (jusqu\u2019en 2017) au sein d\u2019entreprises internationales telles que H&amp;M, APPLE, CORTEFIEL ou PRIMARK au poste de Manager. J\u2019ai exerc\u00e9\u00a0<span style=\"font-weight: bold;\">les m\u00e9tiers de Directeur de magasin, Directeur R\u00e9gional, en France, en Espagne.<\/span><\/p><p><span style=\"text-align: center;\">Bien entendu, j\u2019ai d\u00e9velopp\u00e9 les comp\u00e9tences de communications, de coaching de performances, de d\u00e9veloppement RH, d\u00e9veloppement des potentiels, de recrutement, de gestion de conflits, de gestion du temps, et des relations avec les repr\u00e9sentants du personnel et les organisations syndicales. Enfin je suis\u00a0<\/span><span style=\"font-weight: bold; text-align: center;\">trilingue Fran\u00e7ais, anglais, Espagnol.<\/span><span style=\"font-weight: bold;\"><br \/><\/span><\/p>\t\t\t\t\t<\/div>\n\t\t\t\t\t\t<\/div>\n\t\t\t\t<\/div>\n\t\t\t\t<div class=\"elementor-element elementor-element-ee65275 elementor-align-center elementor-widget elementor-widget-button\" data-id=\"ee65275\" data-element_type=\"widget\" data-widget_type=\"button.default\">\n\t\t\t\t<div class=\"elementor-widget-container\">\n\t\t\t\t\t<div class=\"elementor-button-wrapper\">\n\t\t\t<a class=\"elementor-button elementor-button-link elementor-size-sm elementor-animation-grow\" href=\"http:\/\/www.mb-coachpro-pnl.com\/contactez-moi\">\n\t\t\t\t\t\t<span class=\"elementor-button-content-wrapper\">\n\t\t\t\t\t\t<span class=\"elementor-button-text\">Apprenons \u00e0 nous connaitre<\/span>\n\t\t<\/span>\n\t\t\t\t\t<\/a>\n\t\t<\/div>\n\t\t\t\t<\/div>\n\t\t\t\t<\/div>\n\t\t\t\t\t\t<\/div>\n\t\t\t\t\t<\/div>\n\t\t<\/div>\n\t\t\t\t\t\t\t\t<\/div>\n\t\t\t\t\t<\/div>\n\t\t<\/section>\n\t\t\t\t<section class=\"elementor-section elementor-top-section elementor-element elementor-element-25bc68f elementor-section-boxed elementor-section-height-default elementor-section-height-default\" data-id=\"25bc68f\" data-element_type=\"section\">\n\t\t\t\t\t\t<div class=\"elementor-container elementor-column-gap-default\">\n\t\t\t\t\t\t\t<div class=\"elementor-row\">\n\t\t\t\t\t<div class=\"elementor-column elementor-col-100 elementor-top-column elementor-element elementor-element-431c2ec\" data-id=\"431c2ec\" data-element_type=\"column\">\n\t\t\t<div class=\"elementor-column-wrap elementor-element-populated\">\n\t\t\t\t\t\t\t<div class=\"elementor-widget-wrap\">\n\t\t\t\t\t\t<div class=\"elementor-element elementor-element-da032f2 elementor-widget elementor-widget-spacer\" data-id=\"da032f2\" data-element_type=\"widget\" data-widget_type=\"spacer.default\">\n\t\t\t\t<div class=\"elementor-widget-container\">\n\t\t\t\t\t<div class=\"elementor-spacer\">\n\t\t\t<div class=\"elementor-spacer-inner\"><\/div>\n\t\t<\/div>\n\t\t\t\t<\/div>\n\t\t\t\t<\/div>\n\t\t\t\t\t\t<\/div>\n\t\t\t\t\t<\/div>\n\t\t<\/div>\n\t\t\t\t\t\t\t\t<\/div>\n\t\t\t\t\t<\/div>\n\t\t<\/section>\n\t\t\t\t\t\t\t\t\t<\/div>\n\t\t\t<\/div>\n\t\t\t\t\t<\/div>\n\t\t","protected":false},"excerpt":{"rendered":"<p>Qui suis-je ? Puisqu&rsquo;il n&rsquo;y a pas de confiance sans connaissance, je vous propose de d\u00e9couvrir l&rsquo;homme derri\u00e8re le coach. Au plaisir d&rsquo;en apprendre plus sur vous \u00e9galement. &#8211; Marc Je suis Marc BROCHARD, je suis un \u00ab\u00a0atypique g\u00e9n\u00e9ration X\u00a0\u00bb n\u00e9 en 1968, J\u2019ai 3 gar\u00e7ons \u00e9tudiants en grande forme\u00a0! Je suis fan du v\u00e9lo [&hellip;]<\/p>\n","protected":false},"author":1,"featured_media":0,"parent":0,"menu_order":0,"comment_status":"closed","ping_status":"closed","template":"","meta":[],"yoast_head":"<!-- This site is optimized with the Yoast SEO plugin v20.1 - https:\/\/yoast.com\/wordpress\/plugins\/seo\/ -->\n<title>Qui suis-je ? - Marc Brochard<\/title>\n<meta name=\"description\" content=\"Apprenons \u00e0 nous connaitre ! Coach et formateur depuis 4 ans, je suis avant tout un p\u00e8re et un mari aimant. Un mot pour me d\u00e9finir : &quot;Humain&quot;.\" \/>\n<meta name=\"robots\" content=\"index, follow, max-snippet:-1, max-image-preview:large, max-video-preview:-1\" \/>\n<link rel=\"canonical\" href=\"https:\/\/mb-coachpro-pnl.com\/index.php\/qui-suis-je\/\" \/>\n<meta property=\"og:locale\" content=\"fr_FR\" \/>\n<meta property=\"og:type\" content=\"article\" \/>\n<meta property=\"og:title\" content=\"Qui suis-je ? - Marc Brochard\" \/>\n<meta property=\"og:description\" content=\"Apprenons \u00e0 nous connaitre ! Coach et formateur depuis 4 ans, je suis avant tout un p\u00e8re et un mari aimant. Un mot pour me d\u00e9finir : &quot;Humain&quot;.\" \/>\n<meta property=\"og:url\" content=\"https:\/\/mb-coachpro-pnl.com\/index.php\/qui-suis-je\/\" \/>\n<meta property=\"og:site_name\" content=\"Marc Brochard\" \/>\n<meta property=\"article:modified_time\" content=\"2024-05-07T11:16:54+00:00\" \/>\n<meta property=\"og:image\" content=\"https:\/\/mb-coachpro-pnl.com\/wp-content\/uploads\/2022\/10\/1.png\" \/>\n<meta name=\"twitter:card\" content=\"summary_large_image\" \/>\n<meta name=\"twitter:label1\" content=\"Dur\u00e9e de lecture estim\u00e9e\" \/>\n\t<meta name=\"twitter:data1\" content=\"4 minutes\" \/>\n<script type=\"application\/ld+json\" class=\"yoast-schema-graph\">{\"@context\":\"https:\/\/schema.org\",\"@graph\":[{\"@type\":\"WebPage\",\"@id\":\"https:\/\/mb-coachpro-pnl.com\/index.php\/qui-suis-je\/\",\"url\":\"https:\/\/mb-coachpro-pnl.com\/index.php\/qui-suis-je\/\",\"name\":\"Qui suis-je ? - Marc Brochard\",\"isPartOf\":{\"@id\":\"https:\/\/mb-coachpro-pnl.com\/#website\"},\"datePublished\":\"2022-10-30T09:02:47+00:00\",\"dateModified\":\"2024-05-07T11:16:54+00:00\",\"description\":\"Apprenons \u00e0 nous connaitre ! Coach et formateur depuis 4 ans, je suis avant tout un p\u00e8re et un mari aimant. Un mot pour me d\u00e9finir : \\\"Humain\\\".\",\"breadcrumb\":{\"@id\":\"https:\/\/mb-coachpro-pnl.com\/index.php\/qui-suis-je\/#breadcrumb\"},\"inLanguage\":\"fr-FR\",\"potentialAction\":[{\"@type\":\"ReadAction\",\"target\":[\"https:\/\/mb-coachpro-pnl.com\/index.php\/qui-suis-je\/\"]}]},{\"@type\":\"BreadcrumbList\",\"@id\":\"https:\/\/mb-coachpro-pnl.com\/index.php\/qui-suis-je\/#breadcrumb\",\"itemListElement\":[{\"@type\":\"ListItem\",\"position\":1,\"name\":\"Accueil\",\"item\":\"https:\/\/mb-coachpro-pnl.com\/\"},{\"@type\":\"ListItem\",\"position\":2,\"name\":\"Qui suis-je ?\"}]},{\"@type\":\"WebSite\",\"@id\":\"https:\/\/mb-coachpro-pnl.com\/#website\",\"url\":\"https:\/\/mb-coachpro-pnl.com\/\",\"name\":\"Marc Brochard Coaching Pro PNL\",\"description\":\"Coach Professionnel - PNL\",\"potentialAction\":[{\"@type\":\"SearchAction\",\"target\":{\"@type\":\"EntryPoint\",\"urlTemplate\":\"https:\/\/mb-coachpro-pnl.com\/?s={search_term_string}\"},\"query-input\":\"required name=search_term_string\"}],\"inLanguage\":\"fr-FR\"}]}<\/script>\n<!-- \/ Yoast SEO plugin. -->","yoast_head_json":{"title":"Qui suis-je ? - Marc Brochard","description":"Apprenons \u00e0 nous connaitre ! Coach et formateur depuis 4 ans, je suis avant tout un p\u00e8re et un mari aimant. Un mot pour me d\u00e9finir : \"Humain\".","robots":{"index":"index","follow":"follow","max-snippet":"max-snippet:-1","max-image-preview":"max-image-preview:large","max-video-preview":"max-video-preview:-1"},"canonical":"https:\/\/mb-coachpro-pnl.com\/index.php\/qui-suis-je\/","og_locale":"fr_FR","og_type":"article","og_title":"Qui suis-je ? - Marc Brochard","og_description":"Apprenons \u00e0 nous connaitre ! Coach et formateur depuis 4 ans, je suis avant tout un p\u00e8re et un mari aimant. Un mot pour me d\u00e9finir : \"Humain\".","og_url":"https:\/\/mb-coachpro-pnl.com\/index.php\/qui-suis-je\/","og_site_name":"Marc Brochard","article_modified_time":"2024-05-07T11:16:54+00:00","og_image":[{"url":"https:\/\/mb-coachpro-pnl.com\/wp-content\/uploads\/2022\/10\/1.png"}],"twitter_card":"summary_large_image","twitter_misc":{"Dur\u00e9e de lecture estim\u00e9e":"4 minutes"},"schema":{"@context":"https:\/\/schema.org","@graph":[{"@type":"WebPage","@id":"https:\/\/mb-coachpro-pnl.com\/index.php\/qui-suis-je\/","url":"https:\/\/mb-coachpro-pnl.com\/index.php\/qui-suis-je\/","name":"Qui suis-je ? - Marc Brochard","isPartOf":{"@id":"https:\/\/mb-coachpro-pnl.com\/#website"},"datePublished":"2022-10-30T09:02:47+00:00","dateModified":"2024-05-07T11:16:54+00:00","description":"Apprenons \u00e0 nous connaitre ! Coach et formateur depuis 4 ans, je suis avant tout un p\u00e8re et un mari aimant. Un mot pour me d\u00e9finir : \"Humain\".","breadcrumb":{"@id":"https:\/\/mb-coachpro-pnl.com\/index.php\/qui-suis-je\/#breadcrumb"},"inLanguage":"fr-FR","potentialAction":[{"@type":"ReadAction","target":["https:\/\/mb-coachpro-pnl.com\/index.php\/qui-suis-je\/"]}]},{"@type":"BreadcrumbList","@id":"https:\/\/mb-coachpro-pnl.com\/index.php\/qui-suis-je\/#breadcrumb","itemListElement":[{"@type":"ListItem","position":1,"name":"Accueil","item":"https:\/\/mb-coachpro-pnl.com\/"},{"@type":"ListItem","position":2,"name":"Qui suis-je ?"}]},{"@type":"WebSite","@id":"https:\/\/mb-coachpro-pnl.com\/#website","url":"https:\/\/mb-coachpro-pnl.com\/","name":"Marc Brochard Coaching Pro PNL","description":"Coach Professionnel - PNL","potentialAction":[{"@type":"SearchAction","target":{"@type":"EntryPoint","urlTemplate":"https:\/\/mb-coachpro-pnl.com\/?s={search_term_string}"},"query-input":"required name=search_term_string"}],"inLanguage":"fr-FR"}]}},"_links":{"self":[{"href":"https:\/\/mb-coachpro-pnl.com\/index.php\/wp-json\/wp\/v2\/pages\/788"}],"collection":[{"href":"https:\/\/mb-coachpro-pnl.com\/index.php\/wp-json\/wp\/v2\/pages"}],"about":[{"href":"https:\/\/mb-coachpro-pnl.com\/index.php\/wp-json\/wp\/v2\/types\/page"}],"author":[{"embeddable":true,"href":"https:\/\/mb-coachpro-pnl.com\/index.php\/wp-json\/wp\/v2\/users\/1"}],"replies":[{"embeddable":true,"href":"https:\/\/mb-coachpro-pnl.com\/index.php\/wp-json\/wp\/v2\/comments?post=788"}],"version-history":[{"count":3,"href":"https:\/\/mb-coachpro-pnl.com\/index.php\/wp-json\/wp\/v2\/pages\/788\/revisions"}],"predecessor-version":[{"id":901,"href":"https:\/\/mb-coachpro-pnl.com\/index.php\/wp-json\/wp\/v2\/pages\/788\/revisions\/901"}],"wp:attachment":[{"href":"https:\/\/mb-coachpro-pnl.com\/index.php\/wp-json\/wp\/v2\/media?parent=788"}],"curies":[{"name":"wp","href":"https:\/\/api.w.org\/{rel}","templated":true}]}}